{"id":16788,"date":"2025-10-02T16:57:25","date_gmt":"2025-10-02T20:57:25","guid":{"rendered":"https:\/\/theappliancepros.ca\/?page_id=16788"},"modified":"2025-10-14T16:07:15","modified_gmt":"2025-10-14T20:07:15","slug":"accessibilite","status":"publish","type":"page","link":"https:\/\/theappliancepros.ca\/fr\/accessibilite\/","title":{"rendered":"D\u00e9claration d\u2019accessibilit\u00e9"},"content":{"rendered":"<div class=\"wpb-content-wrapper\">[vc_section][vc_row][vc_column]<div class=\"vcex-spacing wpex-w-100 wpex-clear\" style=\"height:60px;\"><\/div>[\/vc_column][\/vc_row][vc_row][vc_column][vc_column_text css=&#8221;&#8221;]\n<h2>D\u00e9claration d&#8217;accessibilit\u00e9<\/h2>\n<div class=\"accessibility\">\n<p>Nous nous engageons \u00e0 l\u2019accessibilit\u00e9, la diversit\u00e9 et l\u2019inclusion. Nous pensons que chacun de nos clients &#8211; y compris les personnes handicap\u00e9es &#8211; devraient avoir acc\u00e8s \u00e0 nos produits et nos services.<\/p>\n<p>Conform\u00e9ment \u00e0 cette conviction, nous avons mis en place des processus permettant d\u2019\u00e9valuer r\u00e9guli\u00e8rement nos sites Web et assurer leur accessibilit\u00e9 aux individus handicap\u00e9s qui d\u00e9pendent de technologies d\u2019assistance standard. Nous utilisons comme r\u00e9f\u00e9rence des standards de technologie de pointe : les Directives pour l&#8217;accessibilit\u00e9 aux contenus Web 2.1 AA. Des \u00e9valuations sont effectu\u00e9es \u00e0 l\u2019interne et d\u2019autres sont effectu\u00e9es par des grands sp\u00e9cialistes en accessibilit\u00e9 ind\u00e9pendants. Lorsque nous apprenons qu\u2019il existe des \u00e9l\u00e9ments probl\u00e9matiques pouvant entraver la capacit\u00e9 d\u2019un utilisateur handicap\u00e9 \u00e0 utiliser nos sites, nous mettons en place des processus pour les r\u00e9soudre.<\/p>\n<p>Nous prenons ces efforts tr\u00e8s \u00e0 c\u0153ur, mais nous tenons \u00e0 ce que vous sachiez que vous pouvez toujours nous contacter si vous avez des difficult\u00e9s \u00e0 trouver des renseignements ou \u00e0 effectuer une transaction sur notre site Web. Veuillez communiquer avec notre centre de service \u00e0 la client\u00e8le au <a href=\"tel:1-800-807-6777\">1-800-807-6777<\/a> ou par le biais du lien <a href=\"https:\/\/theappliancepros.ca\/fr\/communiquez-avec-nous\/\" target=\"_blank\" rel=\"noopener\">Communiquez avec nous<\/a> et nos agents se feront un plaisir de vous aider.<\/p>\n<p>Voici un lien vers notre <a href=\"https:\/\/www.whirlpoolcorp.com\/canada-french.html\" target=\"_blank\" rel=\"noopener\">engagement<\/a><\/p>\n<p>Merci de votre visite!<\/p>\n<\/div>\n[\/vc_column_text][\/vc_column][\/vc_row][vc_row][vc_column]<div class=\"vcex-spacing wpex-w-100 wpex-clear\" style=\"height:60px;\"><\/div>[\/vc_column][\/vc_row][\/vc_section]\n<\/div>","protected":false},"excerpt":{"rendered":"<p>[vc_section][vc_row][vc_column][\/vc_column][\/vc_row][vc_row][vc_column][vc_column_text css=&#8221;&#8221;] D\u00e9claration d&#8217;accessibilit\u00e9 Nous nous engageons \u00e0 l\u2019accessibilit\u00e9, la diversit\u00e9 et l\u2019inclusion. Nous pensons que chacun de nos clients &#8211; y compris les personnes handicap\u00e9es &#8211; devraient avoir acc\u00e8s \u00e0 nos produits et nos services. Conform\u00e9ment \u00e0 cette conviction, nous avons mis en place des processus permettant d\u2019\u00e9valuer r\u00e9guli\u00e8rement nos sites Web et assurer&hellip; <a class=\"continue\" href=\"https:\/\/theappliancepros.ca\/fr\/accessibilite\/\">Continue Reading<span> D\u00e9claration d\u2019accessibilit\u00e9<\/span><\/a><\/p>\n","protected":false},"author":23,"featured_media":0,"parent":0,"menu_order":0,"comment_status":"closed","ping_status":"closed","template":"","meta":{"_acf_changed":false,"inline_featured_image":false,"footnotes":""},"class_list":["post-16788","page","type-page","status-publish","hentry","entry","no-media"],"acf":[],"yoast_head":"<!-- This site is optimized with the Yoast SEO plugin v27.0 - https:\/\/yoast.com\/product\/yoast-seo-wordpress\/ -->\n<title>D\u00e9claration d\u2019accessibilit\u00e9 &#8211; Appliance Pros+<\/title>\n<meta name=\"description\" content=\"Nous nous engageons \u00e0 l\u2019accessibilit\u00e9, la diversit\u00e9 et l\u2019inclusion. Nous pensons que chacun de nos clients - y compris les personnes handicap\u00e9es - devraient avoir acc\u00e8s \u00e0 nos produits et nos services. Conform\u00e9ment \u00e0 cette conviction, nous avons mis en place des processus permettant d\u2019\u00e9valuer r\u00e9guli\u00e8rement nos sites Web et assurer leur accessibilit\u00e9 aux individus handicap\u00e9s qui d\u00e9pendent de technologies d\u2019assistance standard.\" \/>\n<meta name=\"robots\" content=\"index, follow, max-snippet:-1, max-image-preview:large, max-video-preview:-1\" \/>\n<link rel=\"canonical\" href=\"https:\/\/theappliancepros.ca\/fr\/accessibilite\/\" \/>\n<meta property=\"og:locale\" content=\"fr_CA\" \/>\n<meta property=\"og:type\" content=\"article\" \/>\n<meta property=\"og:title\" content=\"D\u00e9claration d\u2019accessibilit\u00e9 &#8211; Appliance Pros+\" \/>\n<meta property=\"og:description\" content=\"Nous nous engageons \u00e0 l\u2019accessibilit\u00e9, la diversit\u00e9 et l\u2019inclusion. Nous pensons que chacun de nos clients - y compris les personnes handicap\u00e9es - devraient avoir acc\u00e8s \u00e0 nos produits et nos services. Conform\u00e9ment \u00e0 cette conviction, nous avons mis en place des processus permettant d\u2019\u00e9valuer r\u00e9guli\u00e8rement nos sites Web et assurer leur accessibilit\u00e9 aux individus handicap\u00e9s qui d\u00e9pendent de technologies d\u2019assistance standard.\" \/>\n<meta property=\"og:url\" content=\"https:\/\/theappliancepros.ca\/fr\/accessibilite\/\" \/>\n<meta property=\"og:site_name\" content=\"Appliance Pros+\" \/>\n<meta property=\"article:modified_time\" content=\"2025-10-14T20:07:15+00:00\" \/>\n<meta name=\"twitter:card\" content=\"summary_large_image\" \/>\n<meta name=\"twitter:label1\" content=\"Estimation du temps de lecture\" \/>\n\t<meta name=\"twitter:data1\" content=\"1 minute\" \/>\n<!-- \/ Yoast SEO plugin. -->","yoast_head_json":{"title":"D\u00e9claration d\u2019accessibilit\u00e9 &#8211; Appliance Pros+","description":"Nous nous engageons \u00e0 l\u2019accessibilit\u00e9, la diversit\u00e9 et l\u2019inclusion. Nous pensons que chacun de nos clients - y compris les personnes handicap\u00e9es - devraient avoir acc\u00e8s \u00e0 nos produits et nos services. Conform\u00e9ment \u00e0 cette conviction, nous avons mis en place des processus permettant d\u2019\u00e9valuer r\u00e9guli\u00e8rement nos sites Web et assurer leur accessibilit\u00e9 aux individus handicap\u00e9s qui d\u00e9pendent de technologies d\u2019assistance standard.","robots":{"index":"index","follow":"follow","max-snippet":"max-snippet:-1","max-image-preview":"max-image-preview:large","max-video-preview":"max-video-preview:-1"},"canonical":"https:\/\/theappliancepros.ca\/fr\/accessibilite\/","og_locale":"fr_CA","og_type":"article","og_title":"D\u00e9claration d\u2019accessibilit\u00e9 &#8211; Appliance Pros+","og_description":"Nous nous engageons \u00e0 l\u2019accessibilit\u00e9, la diversit\u00e9 et l\u2019inclusion. Nous pensons que chacun de nos clients - y compris les personnes handicap\u00e9es - devraient avoir acc\u00e8s \u00e0 nos produits et nos services. Conform\u00e9ment \u00e0 cette conviction, nous avons mis en place des processus permettant d\u2019\u00e9valuer r\u00e9guli\u00e8rement nos sites Web et assurer leur accessibilit\u00e9 aux individus handicap\u00e9s qui d\u00e9pendent de technologies d\u2019assistance standard.","og_url":"https:\/\/theappliancepros.ca\/fr\/accessibilite\/","og_site_name":"Appliance Pros+","article_modified_time":"2025-10-14T20:07:15+00:00","twitter_card":"summary_large_image","twitter_misc":{"Estimation du temps de lecture":"1 minute"},"schema":{"@context":"https:\/\/schema.org","@graph":[{"@type":"WebPage","@id":"https:\/\/theappliancepros.ca\/fr\/accessibilite\/","url":"https:\/\/theappliancepros.ca\/fr\/accessibilite\/","name":"D\u00e9claration d\u2019accessibilit\u00e9 &#8211; Appliance Pros+","isPartOf":{"@id":"https:\/\/theappliancepros.ca\/fr\/#website"},"datePublished":"2025-10-02T20:57:25+00:00","dateModified":"2025-10-14T20:07:15+00:00","description":"Nous nous engageons \u00e0 l\u2019accessibilit\u00e9, la diversit\u00e9 et l\u2019inclusion. Nous pensons que chacun de nos clients - y compris les personnes handicap\u00e9es - devraient avoir acc\u00e8s \u00e0 nos produits et nos services. Conform\u00e9ment \u00e0 cette conviction, nous avons mis en place des processus permettant d\u2019\u00e9valuer r\u00e9guli\u00e8rement nos sites Web et assurer leur accessibilit\u00e9 aux individus handicap\u00e9s qui d\u00e9pendent de technologies d\u2019assistance standard.","breadcrumb":{"@id":"https:\/\/theappliancepros.ca\/fr\/accessibilite\/#breadcrumb"},"inLanguage":"fr-CA","potentialAction":[{"@type":"ReadAction","target":["https:\/\/theappliancepros.ca\/fr\/accessibilite\/"]}]},{"@type":"BreadcrumbList","@id":"https:\/\/theappliancepros.ca\/fr\/accessibilite\/#breadcrumb","itemListElement":[{"@type":"ListItem","position":1,"name":"Home","item":"https:\/\/theappliancepros.ca\/fr\/"},{"@type":"ListItem","position":2,"name":"D\u00e9claration d\u2019accessibilit\u00e9"}]},{"@type":"WebSite","@id":"https:\/\/theappliancepros.ca\/fr\/#website","url":"https:\/\/theappliancepros.ca\/fr\/","name":"Appliance Pros+","description":"","publisher":{"@id":"https:\/\/theappliancepros.ca\/fr\/#organization"},"potentialAction":[{"@type":"SearchAction","target":{"@type":"EntryPoint","urlTemplate":"https:\/\/theappliancepros.ca\/fr\/?s={search_term_string}"},"query-input":{"@type":"PropertyValueSpecification","valueRequired":true,"valueName":"search_term_string"}}],"inLanguage":"fr-CA"},{"@type":"Organization","@id":"https:\/\/theappliancepros.ca\/fr\/#organization","name":"The Appliance Pros","url":"https:\/\/theappliancepros.ca\/fr\/","logo":{"@type":"ImageObject","inLanguage":"fr-CA","@id":"https:\/\/theappliancepros.ca\/fr\/#\/schema\/logo\/image\/","url":"https:\/\/theappliancepros.ca\/wp-content\/uploads\/2022\/04\/app-new-logo.svg","contentUrl":"https:\/\/theappliancepros.ca\/wp-content\/uploads\/2022\/04\/app-new-logo.svg","caption":"The Appliance Pros"},"image":{"@id":"https:\/\/theappliancepros.ca\/fr\/#\/schema\/logo\/image\/"}}]}},"_links":{"self":[{"href":"https:\/\/theappliancepros.ca\/fr\/wp-json\/wp\/v2\/pages\/16788","targetHints":{"allow":["GET"]}}],"collection":[{"href":"https:\/\/theappliancepros.ca\/fr\/wp-json\/wp\/v2\/pages"}],"about":[{"href":"https:\/\/theappliancepros.ca\/fr\/wp-json\/wp\/v2\/types\/page"}],"author":[{"embeddable":true,"href":"https:\/\/theappliancepros.ca\/fr\/wp-json\/wp\/v2\/users\/23"}],"replies":[{"embeddable":true,"href":"https:\/\/theappliancepros.ca\/fr\/wp-json\/wp\/v2\/comments?post=16788"}],"version-history":[{"count":4,"href":"https:\/\/theappliancepros.ca\/fr\/wp-json\/wp\/v2\/pages\/16788\/revisions"}],"predecessor-version":[{"id":16806,"href":"https:\/\/theappliancepros.ca\/fr\/wp-json\/wp\/v2\/pages\/16788\/revisions\/16806"}],"wp:attachment":[{"href":"https:\/\/theappliancepros.ca\/fr\/wp-json\/wp\/v2\/media?parent=16788"}],"curies":[{"name":"wp","href":"https:\/\/api.w.org\/{rel}","templated":true}]}}